{"id":15319,"date":"2021-10-28T21:49:47","date_gmt":"2021-10-28T19:49:47","guid":{"rendered":"https:\/\/revedechantelle.pl\/?page_id=15319"},"modified":"2021-10-28T21:49:47","modified_gmt":"2021-10-28T19:49:47","slug":"klauzula-informacyjna-dotyczaca-przetwarzania-danych-osobowych-klienci","status":"publish","type":"page","link":"https:\/\/revedechantelle.pl\/en\/klauzula-informacyjna-dotyczaca-przetwarzania-danych-osobowych-klienci\/","title":{"rendered":"Klauzula informacyjna dotycz\u0105ca przetwarzania danych osobowych klienci"},"content":{"rendered":"\n<p><strong>Klauzula informacyjna\ndotycz\u0105ca przetwarzania danych osobowych klienci<\/strong><\/p>\n\n\n\n<p>Stosuj\u0105c si\u0119 do art. 13\nRozporz\u0105dzenia Parlamentu Europejskiego i Rady (UE) 2016\/679 z dnia 27 kwietnia\n2016 roku w sprawie ochrony os\u00f3b fizycznych w zwi\u0105zku z przetwarzaniem danych\nosobowych i w sprawie swobodnego przep\u0142ywu takich danych oraz uchylenia dyrektywy\n95\/46\/WE, dalej r\u00f3wnie\u017c jako \u201eRODO\u201d, informujemy, i\u017c: <\/p>\n\n\n\n<ol class=\"wp-block-list\"><li>Administratorem Pa\u0144stwa danych osobowych jest: FH ALTERNATYWA MARCIN MALICKI<strong>.<\/strong>, zwana dalej r\u00f3wnie\u017c <strong>\u201eAdministratorem\u201d.<\/strong><\/li><li>Przetwarzamy Pani\/Pana dane w nast\u0119puj\u0105cych celach oraz na nast\u0119puj\u0105cych podstawach prawnych:<ol type=\"a\" style=\"list-style-type: lower-alpha;\"><li>W celu zawarcia, realizacji um\u00f3w (art. 6 ust. 1 lit. b RODO); <\/li><li>W celu wype\u0142nienia ci\u0105\u017c\u0105cych na Administratorze obowi\u0105zk\u00f3w prawnych, m.in. w zakresie podatkowym, rachunkowym lub reklamacyjnym (art. 6 ust. 1 lit. c RODO);<\/li><li>Ewentualnie w celu dochodzenia \/ obrony przed roszczeniami, co jest naszym prawnie  uzasadnionym interesem (podstawa z art. 6 ust. 1 lit. f RODO; <\/li><li>W celu umo\u017cliwienia  przygotowania Pa\u0144stwu najlepszej, spersonalizowanej oferty (na zasadzie  profilowania), czy prowadzenia marketingu, co jest naszym prawnie uzasadnionym interesem \u2013 art. 6 ust. 1 lit. f&nbsp; RODO; <\/li><li>W celach archiwalnych (dowodowych) dla zabezpieczenia informacji na wypadek prawnej potrzeby wykazania fakt\u00f3w, co jest naszym prawnie uzasadnionym interesem (podstawa z art. 6 ust. 1 lit. f RODO w zw. z art. 7 ust. 1 i 3 RODO), <\/li><li>W innych przypadkach \u2013  na podstawie Pani\/\/Pana zgody (je\u017celi o ni\u0105 poprosimy) \u2013 art. 6 ust. 1 lit. a RODO. <\/li><\/ol><\/li><li><strong>Odbiorcy danych  <\/strong><br>Pa\u0144stwa dane mog\u0105 zosta\u0107 powierzone podmiotom przetwarzaj\u0105cym je w imieniu Administratora, m.in. \u015bwiadcz\u0105cym na jego rzecz pomoc prawn\u0105 lub rachunkow\u0105, a tak\u017ce spedytorom, podmiotom stale wsp\u00f3\u0142pracuj\u0105cym z Administratorem oraz obs\u0142uguj\u0105cym systemy IT Administratora. Administrator mo\u017ce r\u00f3wnie\u017c udost\u0119pni\u0107 Pa\u0144stwa dane innym administratorom przetwarzaj\u0105cym je we w\u0142asnym imieniu, np. podmiotom obs\u0142uguj\u0105cym dokonywane przez Pa\u0144stwa transakcje bezgot\u00f3wkowe, a tak\u017ce organom w\u0142adzy publicznej w celu realizacji na\u0142o\u017conych na nie obowi\u0105zk\u00f3w.<\/li><li><strong>Okres retencji,<\/strong> czyli jak d\u0142ugo b\u0119dziemy przetwarza\u0107 Pani \/ Pana dane osobowe?<ol type=\"a\" style=\"list-style-type: lower-alpha;\"><li>Na potrzeby rachunkowo\u015bci oraz ze wzgl\u0119d\u00f3w podatkowych, b\u0119dziemy je przetwarza\u0107 tak d\u0142ugo jak b\u0119dziemy do tego zobligowani przepisem prawa. Na gruncie obecnych przepis\u00f3w jest to okres 5 lat liczonych od ko\u0144ca roku kalendarzowego, w kt\u00f3rym powsta\u0142 obowi\u0105zek podatkowy;<\/li><li>Je\u017celi dane osobowe b\u0119d\u0105 przetwarzane przez nas w celu dochodzenia roszcze\u0144 (w tym w post\u0119powaniach s\u0105dowych) b\u0119dziemy je mogli przetwarza\u0107 w tym celu przez okres przedawnienia roszcze\u0144 zgodnie z przepisami kodeksu cywilnego;<\/li><li>Po zrealizowaniu celu pierwotnego, dla kt\u00f3rego Twoje dane zosta\u0142y zebrane (np. realizacja umowy, przetwarzanie jest niezb\u0119dne do wykonania umowy), Twoje dane b\u0119d\u0105\u0328 przetwarzane dla cel\u00f3w archiwalnych przez okres zgodny z obowi\u0105zuj\u0105cymi u nas przepisami archiwalnymi oraz przez okres niezb\u0119dny dla obrony przed roszczeniami kierowanymi wobec nas, na podstawie powszechnie obowi\u0105zuj\u0105cych przepis\u00f3w prawa, z uwzgl\u0119dnieniem okres\u00f3w przedawnienia roszcze\u0144\u0301 okre\u015blonych w powszechnie obowi\u0105zuj\u0105cych przepis\u00f3w prawa, z uwzgl\u0119dnieniem okres\u00f3w przedawnienia roszcze\u0144\u0301 okre\u015blonych w powszechnie obowi\u0105zuj\u0105cych przepisach prawa, <\/li><li>Do momentu cofni\u0119cia zgody \u2013 tylko w stosunku do danych osobowych, przetwarzanych na tej podstawie prawnej. <\/li><\/ol><\/li><li>Informujemy, i\u017c maj\u0105 Pa\u0144stwo:<ol style=\"list-style-type: lower-alpha;\"><li>na podstawie art. 15 RODO prawo dost\u0119pu do danych osobowych Pani\/Pana dotycz\u0105cych, w tym prawo do uzyskania kopii danych;<\/li><li>na podstawie art. 16 RODO prawo do \u017c\u0105dania sprostowania (poprawienia) danych osobowych;<\/li><li>prawo do usuni\u0119cia danych \u2013 przys\u0142uguje w ramach przes\u0142anek i na warunkach okre\u015blonych w art. 17 RODO, <\/li><li>prawo ograniczenia przetwarzania \u2013 przys\u0142uguje w ramach przes\u0142anek i na warunkach okre\u015blonych w art. 18 RODO,<\/li><li>prawo do przenoszenia danych osobowych \u2013 przys\u0142uguje w ramach przes\u0142anek i na warunkach okre\u015blonych w art. 20 RODO,<\/li><li>prawo wniesienia sprzeciwu wobec przetwarzania \u2013 przys\u0142uguje w ramach przes\u0142anek i na warunkach okre\u015blonych w art. 21 RODO (w tym sprzeciwu wobec profilowania), <\/li><li>prawo wniesienia skargi do organu nadzorczego (Prezes Urz\u0119du Ochrony Danych Osobowych), <\/li><li>cofni\u0119cia zgody na przetwarzanie danych osobowych (ale tylko w stosunku do danych osobowych kt\u00f3re s\u0105 przetwarzane na podstawie Pani\/Pana zgody \u2013 ma Pan\/Pani prawo w dowolnym momencie wycofa\u0107 zgod\u0119 na przetwarzanie danych osobowych. Wycofanie zgody nie wp\u0142ywa na zgodno\u015b\u0107 z prawem przetwarzania, kt\u00f3rego dokonano na podstawie zgody przed jej wycofaniem. Wycofanie zgody mo\u017ce zosta\u0107 dokonane w takiej samej formie, w jakiej zosta\u0142a udzielona zgoda).<br>W celu wykonania swoich praw prosimy kierowa\u0107 \u017c\u0105danie pod adres email: sklep.revedechantelle@gmail.com<\/li><\/ol><\/li><li>Podanie przez Pa\u0144stwa danych jest dobrowolne, jednak\u017ce cz\u0119sto konieczne np. do zawarcia z nami umowy. Nadto wym\u00f3g podania niekt\u00f3rych danych wynika\u0107 mo\u017ce z przepis\u00f3w prawa, np. w celu otrzymania faktury VAT s\u0105 Pa\u0144stwo zobligowani do podania imienia, nazwiska, adresu oraz numeru NIP. Brak ich podania uniemo\u017cliwi wystawienie Pa\u0144stwu faktury VAT. Celem realizacji swojego prawnie uzasadnionego interesu Administrator mo\u017ce nadto wymaga\u0107 od Pa\u0144stwa podania danych w zakresie imienia, nazwiska oraz numeru PESEL lub NIP. Brak podania wymaganych danych mo\u017ce stanowi\u0107 przeszkod\u0119 do zawarcia z Pa\u0144stwem umowy, a tym samym nabycia oferowanych przez Administratora towar\u00f3w.<br>Wszelkie inne dane osobowe, kt\u00f3re nie s\u0105 wymagane do realizacji umowy, lub na podstawie przepis\u00f3w prawa, b\u0105d\u017a realizacji uzasadnionego interesu prawnego Administratora zbierane s\u0105 w oparciu o Pa\u0144stwa dobrowoln\u0105 zgod\u0119. <\/li><li>Pa\u0144stwa dane nie b\u0119d\u0105 przekazywane do pa\u0144stwa trzeciego lub organizacji mi\u0119dzynarodowej.<\/li><\/ol>\n","protected":false},"excerpt":{"rendered":"<p>Klauzula informacyjna dotycz\u0105ca przetwarzania danych osobowych klienci Stosuj\u0105c si\u0119 do art. 13 Rozporz\u0105dzenia Parlamentu Europejskiego i Rady (UE) 2016\/679 z dnia 27 kwietnia 2016 roku w sprawie ochrony os\u00f3b fizycznych w zwi\u0105zku z przetwarzaniem danych osobowych i w sprawie swobodnego przep\u0142ywu takich danych oraz uchylenia dyrektywy 95\/46\/WE, dalej r\u00f3wnie\u017c jako \u201eRODO\u201d, informujemy, i\u017c: Administratorem Pa\u0144stwa [&hellip;]<\/p>\n","protected":false},"author":1,"featured_media":0,"parent":0,"menu_order":0,"comment_status":"closed","ping_status":"closed","template":"","meta":{"footnotes":""},"class_list":["post-15319","page","type-page","status-publish","hentry"],"_links":{"self":[{"href":"https:\/\/revedechantelle.pl\/en\/wp-json\/wp\/v2\/pages\/15319"}],"collection":[{"href":"https:\/\/revedechantelle.pl\/en\/wp-json\/wp\/v2\/pages"}],"about":[{"href":"https:\/\/revedechantelle.pl\/en\/wp-json\/wp\/v2\/types\/page"}],"author":[{"embeddable":true,"href":"https:\/\/revedechantelle.pl\/en\/wp-json\/wp\/v2\/users\/1"}],"replies":[{"embeddable":true,"href":"https:\/\/revedechantelle.pl\/en\/wp-json\/wp\/v2\/comments?post=15319"}],"version-history":[{"count":1,"href":"https:\/\/revedechantelle.pl\/en\/wp-json\/wp\/v2\/pages\/15319\/revisions"}],"predecessor-version":[{"id":15320,"href":"https:\/\/revedechantelle.pl\/en\/wp-json\/wp\/v2\/pages\/15319\/revisions\/15320"}],"wp:attachment":[{"href":"https:\/\/revedechantelle.pl\/en\/wp-json\/wp\/v2\/media?parent=15319"}],"curies":[{"name":"wp","href":"https:\/\/api.w.org\/{rel}","templated":true}]}}