{"id":15316,"date":"2021-10-28T21:30:47","date_gmt":"2021-10-28T19:30:47","guid":{"rendered":"https:\/\/revedechantelle.pl\/?page_id=15316"},"modified":"2021-10-28T21:30:47","modified_gmt":"2021-10-28T19:30:47","slug":"administrator-danych-osobowych-kontakt","status":"publish","type":"page","link":"https:\/\/revedechantelle.pl\/fr\/administrator-danych-osobowych-kontakt\/","title":{"rendered":"Administrator danych osobowych &#8211; kontakt"},"content":{"rendered":"\n<p>&nbsp;Administratorem danych osobowych jest FH\nALTERNATYWA Marcin Malicki<\/p>\n\n\n\n<p>Dane b\u0119d\u0105 przetwarzane w celach udzielenia odpowiedzi na\nzapytanie (podstawa prawna: prawnie uzasadniony interes administratora) oraz\nmarketingu produkt\u00f3w w\u0142asnych (podstawa prawna: prawnie uzasadniony interes\nadministratora). Podanie danych jest warunkiem udzielenia odpowiedzi, a ich\nniepodanie uniemo\u017cliwi udzielenie odpowiedzi na pytanie. Dane b\u0119d\u0105\nprzechowywane do czasu udzielenia odpowiedzi na przes\u0142ane zapytanie. Ka\u017cdej\nosobie przys\u0142uguje prawo do \u017c\u0105dania dost\u0119pu do swoich danych osobowych, ich\nsprostowania, usuni\u0119cia, ograniczenia przetwarzania oraz ich przenoszenia. Ka\u017cdej\nosobie przys\u0142uguje prawo do wniesienia sprzeciwu wobec przetwarzania danych,\nwniesienia skargi do organu nadzorczego oraz cofni\u0119cia zgody w dowolnym\nmomencie bez wp\u0142ywu na zgodno\u015b\u0107 z prawem przetwarzania, kt\u00f3rego dokonano na\npodstawie zgody przed jej cofni\u0119ciem. Ka\u017cdej osobie przys\u0142uguje prawo do\nwniesienia sprzeciwu wobec przetwarzania jej danych osobowych na podstawie\nprawnie uzasadnionego interesu administratora, a tak\u017ce sprzeciwu wobec\nprzetwarzania jej danych osobowych na potrzeby marketingu.<\/p>\n","protected":false},"excerpt":{"rendered":"<p>&nbsp;Administratorem danych osobowych jest FH ALTERNATYWA Marcin Malicki Dane b\u0119d\u0105 przetwarzane w celach udzielenia odpowiedzi na zapytanie (podstawa prawna: prawnie uzasadniony interes administratora) oraz marketingu produkt\u00f3w w\u0142asnych (podstawa prawna: prawnie uzasadniony interes administratora). Podanie danych jest warunkiem udzielenia odpowiedzi, a ich niepodanie uniemo\u017cliwi udzielenie odpowiedzi na pytanie. Dane b\u0119d\u0105 przechowywane do czasu udzielenia odpowiedzi na [&hellip;]<\/p>\n","protected":false},"author":1,"featured_media":0,"parent":0,"menu_order":0,"comment_status":"closed","ping_status":"closed","template":"","meta":{"footnotes":""},"class_list":["post-15316","page","type-page","status-publish","hentry"],"_links":{"self":[{"href":"https:\/\/revedechantelle.pl\/fr\/wp-json\/wp\/v2\/pages\/15316"}],"collection":[{"href":"https:\/\/revedechantelle.pl\/fr\/wp-json\/wp\/v2\/pages"}],"about":[{"href":"https:\/\/revedechantelle.pl\/fr\/wp-json\/wp\/v2\/types\/page"}],"author":[{"embeddable":true,"href":"https:\/\/revedechantelle.pl\/fr\/wp-json\/wp\/v2\/users\/1"}],"replies":[{"embeddable":true,"href":"https:\/\/revedechantelle.pl\/fr\/wp-json\/wp\/v2\/comments?post=15316"}],"version-history":[{"count":1,"href":"https:\/\/revedechantelle.pl\/fr\/wp-json\/wp\/v2\/pages\/15316\/revisions"}],"predecessor-version":[{"id":15317,"href":"https:\/\/revedechantelle.pl\/fr\/wp-json\/wp\/v2\/pages\/15316\/revisions\/15317"}],"wp:attachment":[{"href":"https:\/\/revedechantelle.pl\/fr\/wp-json\/wp\/v2\/media?parent=15316"}],"curies":[{"name":"wp","href":"https:\/\/api.w.org\/{rel}","templated":true}]}}