{"id":577,"date":"2016-05-01T18:12:51","date_gmt":"2016-05-01T16:12:51","guid":{"rendered":"http:\/\/revedechantelle.pl\/?page_id=577"},"modified":"2026-02-26T14:34:27","modified_gmt":"2026-02-26T13:34:27","slug":"o-nas","status":"publish","type":"page","link":"https:\/\/revedechantelle.pl\/fr\/o-nas\/","title":{"rendered":"\u00e0 propos de R\u00eave de Chantelle"},"content":{"rendered":"<p><img loading=\"lazy\" decoding=\"async\" class=\"aligncenter wp-image-15665 size-large\" src=\"https:\/\/revedechantelle.pl\/wp-content\/uploads\/2026\/02\/logo_3-1024x295.png\" alt=\"\" width=\"500\" height=\"144\" srcset=\"https:\/\/revedechantelle.pl\/wp-content\/uploads\/2026\/02\/logo_3-1024x295.png 1024w, https:\/\/revedechantelle.pl\/wp-content\/uploads\/2026\/02\/logo_3-300x86.png 300w, https:\/\/revedechantelle.pl\/wp-content\/uploads\/2026\/02\/logo_3-768x221.png 768w, https:\/\/revedechantelle.pl\/wp-content\/uploads\/2026\/02\/logo_3.png 1080w\" sizes=\"(max-width: 500px) 100vw, 500px\" \/><\/p>\n<p style=\"text-align: center;\">La marque \u00ab R\u00eave de Chantelle \u00bb c\u2019est une entreprise familiale, cr\u00e9\u00e9e du coeur, soutenue par onze ans d\u2019exp\u00e9rience dans le secteur des produits de beaut\u00e9. Nous sommes producteurs et et distributeurs exclusifs en Pologne des produits de luxe de cette marque tels que l\u2019eau parfum\u00e9e et les parfums.<br \/>\nNous voulons nous d\u00e9velopper afin de r\u00e9pondre aux besoins du march\u00e9 et convenir aux go\u00fbts individuels de nos clients.<br \/>\nLoin d\u2019aspirer \u00e0 une large activit\u00e9 commerciale, nous pr\u00e9f\u00e9rons d\u2019atteindre l\u2019objectif poursuivi gr\u00e2ce \u00e0 la cr\u00e9ation de notre propre marque de niche et offrir des produits de luxe aux clients les plus exigeants.<br \/>\nL\u2019id\u00e9e de la t\u00e9chnologie con\u00e7ue du produit est concentr\u00e9e avant tout \u00e0 l\u2019ar\u00f4me sublime, qui permet \u00e0 nos contractants de se d\u00e9velopper aux march\u00e9s \u00e9trangers.<\/p>\n<p style=\"text-align: center;\">En 2018, nous avons particip\u00e9 aux Foires cosm\u00e9tiques Beauty World Middle East \u00e0 Dubai, ainsi que dans la Mission en Azeba\u03cadjan o\u00f9 nous avons eu la possibilit\u00e9 de la pr\u00e9sentation directe de notre assortiment aux entreprises concern\u00e9es du secteur esth\u00e9tique.<br \/>\nNotre pr\u00e9sence en Azeba\u03cadjan a d\u00e9bouch\u00e9 sur l\u2019invitation par PAIH au Forum d\u2019Affaires entre la Pologne et l\u2019Azeba\u03cadjan le 31 mai 2019 \u00e0 Baku. C\u2019etait une rencontre des entreprises de deux pays ainsi que des associations nationales. En 2019, nous avons particip\u00e9 aux Foires COSMOPROF ASIA \u00e0 Hongkong.<\/p>\n<p style=\"text-align: center;\">Dans le cas de \u00ab R\u00eave de Chantelle \u00bb l\u2019histoire commence bien avant le moment o\u00f9 un parfum devient la\u03ca senteur. Alors, le choix du nom semble crucial. Ce nom est \u00e9troitement li\u00e9 aux \u00e9motions d\u00e9clanch\u00e9es par la senteur. Les parfums r\u00e9fl\u00e8tent une \u00e9l\u00e9gance sur m\u00e9sure qui permet de cr\u00e9er des personnalit\u00e9s diff\u00e9rentes en utilisant les meilleurs ingr\u00e9diens. Ces ingr\u00e9diens enveloppent la peau par les notes velout\u00e9es de longue dur\u00e9e. Toutes les senteurs sont belles et profondes. Chacune raconte une autre histoire et vit sa propre vie.<\/p>\n<p style=\"text-align: center;\">Nous n\u2019avons jamais test\u00e9, nous ne testons pas et nous ne testerons certainement aucun de nos produits sur les animaux. Nous n\u2019acceptons pas la souffrance de nos \u00ab fr\u00e8res animaux \u00bb par suite de l\u2019\u00e9levage, de l\u2019exploitation, du transport ni de la mise \u00e0 mort \u00e0 des fins cosm\u00e9tiques. Nous Te remercions d\u2019avoir les m\u00eames principes que nous.<\/p>\n<p><br \/>\n<img loading=\"lazy\" decoding=\"async\" class=\"aligncenter wp-image-15661 \" src=\"https:\/\/revedechantelle.pl\/wp-content\/uploads\/2026\/02\/herb_2-1024x1024.png\" alt=\"\" width=\"163\" height=\"163\" srcset=\"https:\/\/revedechantelle.pl\/wp-content\/uploads\/2026\/02\/herb_2-1024x1024.png 1024w, https:\/\/revedechantelle.pl\/wp-content\/uploads\/2026\/02\/herb_2-300x300.png 300w, https:\/\/revedechantelle.pl\/wp-content\/uploads\/2026\/02\/herb_2-150x150.png 150w, https:\/\/revedechantelle.pl\/wp-content\/uploads\/2026\/02\/herb_2-768x768.png 768w, https:\/\/revedechantelle.pl\/wp-content\/uploads\/2026\/02\/herb_2.png 1080w\" sizes=\"(max-width: 163px) 100vw, 163px\" \/><\/p>","protected":false},"excerpt":{"rendered":"<p>La marque \u00ab R\u00eave de Chantelle \u00bb c\u2019est une entreprise familiale, cr\u00e9\u00e9e du coeur, soutenue par onze ans d\u2019exp\u00e9rience dans le secteur des produits de beaut\u00e9. Nous sommes producteurs et et distributeurs exclusifs en Pologne des produits de luxe de cette marque tels que l\u2019eau parfum\u00e9e et les parfums. Nous voulons nous d\u00e9velopper afin de [&hellip;]<\/p>\n","protected":false},"author":1,"featured_media":0,"parent":0,"menu_order":0,"comment_status":"closed","ping_status":"closed","template":"","meta":{"footnotes":""},"class_list":["post-577","page","type-page","status-publish","hentry"],"_links":{"self":[{"href":"https:\/\/revedechantelle.pl\/fr\/wp-json\/wp\/v2\/pages\/577"}],"collection":[{"href":"https:\/\/revedechantelle.pl\/fr\/wp-json\/wp\/v2\/pages"}],"about":[{"href":"https:\/\/revedechantelle.pl\/fr\/wp-json\/wp\/v2\/types\/page"}],"author":[{"embeddable":true,"href":"https:\/\/revedechantelle.pl\/fr\/wp-json\/wp\/v2\/users\/1"}],"replies":[{"embeddable":true,"href":"https:\/\/revedechantelle.pl\/fr\/wp-json\/wp\/v2\/comments?post=577"}],"version-history":[{"count":35,"href":"https:\/\/revedechantelle.pl\/fr\/wp-json\/wp\/v2\/pages\/577\/revisions"}],"predecessor-version":[{"id":15668,"href":"https:\/\/revedechantelle.pl\/fr\/wp-json\/wp\/v2\/pages\/577\/revisions\/15668"}],"wp:attachment":[{"href":"https:\/\/revedechantelle.pl\/fr\/wp-json\/wp\/v2\/media?parent=577"}],"curies":[{"name":"wp","href":"https:\/\/api.w.org\/{rel}","templated":true}]}}